{"id":85,"date":"2016-07-05T08:41:44","date_gmt":"2016-07-05T08:41:44","guid":{"rendered":"http:\/\/osemka1234.nazwa.pl\/instalator\/wordpress\/?page_id=85"},"modified":"2025-09-18T06:52:21","modified_gmt":"2025-09-18T06:52:21","slug":"grupy","status":"publish","type":"page","link":"https:\/\/przedszkole8.pl\/?page_id=85","title":{"rendered":"Grupy"},"content":{"rendered":"<p>W przedszkolu mamy cztery grupy dla dzieci w wieku 3-6 lat. W zwi\u0105zku z nazw\u0105 Przedszkola &#8211; Pluszowy Misiaczek ka\u017cda z grup nosi nazw\u0119 zwi\u0105zan\u0105 z misiem:<\/p>\n<p>Grupa I <strong> Puchatki<\/strong> \u00a0 dzieci 3 &#8211; 4letnie,<\/p>\n<p>Grupa II <strong> Misie<\/strong> dzieci 4 &#8211; 5letnie<\/p>\n<p>Grupa III <strong> Gumisie<\/strong> \u00a0dzieci 4 &#8211; 5letnie<\/p>\n<p>Grupa IV <strong> Nied\u017awiadki<\/strong> \u00a0dzieci 5 &#8211; 6letnie<\/p>\n","protected":false},"excerpt":{"rendered":"<p>W przedszkolu mamy cztery grupy dla dzieci w wieku 3-6 lat. W zwi\u0105zku z nazw\u0105 Przedszkola &#8211; Pluszowy Misiaczek ka\u017cda z grup nosi nazw\u0119 zwi\u0105zan\u0105 z misiem: Grupa I Puchatki \u00a0 dzieci 3 &#8211; 4letnie, Grupa II Misie dzieci 4 &#8211; 5letnie Grupa III Gumisie \u00a0dzieci 4 &#8211; 5letnie Grupa IV Nied\u017awiadki \u00a0dzieci 5 &#8211;<\/p>\n","protected":false},"author":1,"featured_media":0,"parent":0,"menu_order":0,"comment_status":"closed","ping_status":"closed","template":"fullwidth.php","meta":{"jetpack_post_was_ever_published":false,"footnotes":""},"class_list":["post-85","page","type-page","status-publish","hentry"],"jetpack_sharing_enabled":true,"jetpack_shortlink":"https:\/\/wp.me\/P7NQjT-1n","jetpack-related-posts":[],"_links":{"self":[{"href":"https:\/\/przedszkole8.pl\/index.php?rest_route=\/wp\/v2\/pages\/85","targetHints":{"allow":["GET"]}}],"collection":[{"href":"https:\/\/przedszkole8.pl\/index.php?rest_route=\/wp\/v2\/pages"}],"about":[{"href":"https:\/\/przedszkole8.pl\/index.php?rest_route=\/wp\/v2\/types\/page"}],"author":[{"embeddable":true,"href":"https:\/\/przedszkole8.pl\/index.php?rest_route=\/wp\/v2\/users\/1"}],"replies":[{"embeddable":true,"href":"https:\/\/przedszkole8.pl\/index.php?rest_route=%2Fwp%2Fv2%2Fcomments&post=85"}],"version-history":[{"count":11,"href":"https:\/\/przedszkole8.pl\/index.php?rest_route=\/wp\/v2\/pages\/85\/revisions"}],"predecessor-version":[{"id":15805,"href":"https:\/\/przedszkole8.pl\/index.php?rest_route=\/wp\/v2\/pages\/85\/revisions\/15805"}],"wp:attachment":[{"href":"https:\/\/przedszkole8.pl\/index.php?rest_route=%2Fwp%2Fv2%2Fmedia&parent=85"}],"curies":[{"name":"wp","href":"https:\/\/api.w.org\/{rel}","templated":true}]}}