{"id":5213,"date":"2020-03-30T18:30:19","date_gmt":"2020-03-30T18:30:19","guid":{"rendered":"http:\/\/przedszkole8.pl\/?page_id=5213"},"modified":"2026-01-28T08:06:26","modified_gmt":"2026-01-28T08:06:26","slug":"deklaracja-dostepnosci","status":"publish","type":"page","link":"https:\/\/przedszkole8.pl\/?page_id=5213","title":{"rendered":"Deklaracja dost\u0119pno\u015bci"},"content":{"rendered":"<h1>Deklaracja dost\u0119pno\u015bci<\/h1>\n<p><span id=\"\u201ea11y-podmiot\u201d\">Przedszkole nr 8 Pluszowy Misiaczek Gdynia<\/span> zobowi\u0105zuje si\u0119 zapewni\u0107 dost\u0119pno\u015b\u0107 swojej strony internetowej zgodnie z ustaw\u0105 z dnia 4 kwietnia 2019 r. o dost\u0119pno\u015bci cyfrowej stron internetowych i aplikacji mobilnych podmiot\u00f3w publicznych. O\u015bwiadczenie w sprawie dost\u0119pno\u015bci ma zastosowanie do <a id=\"\u201da11y-url\u201d\" href=\"https:\/\/przedszkole8.pl\"> strony internetowej Przedszkola nr 8 \u201ePluszowy Misiaczek Gdynia<\/a>.<\/p>\n<h2>Daty publikacji i aktualizacji<\/h2>\n<p>Data publikacji strony internetowej: <span id=\"\u201da11y-data-publikacja\u201d\">2017-09-01<\/span>.<\/p>\n<p>Data ostatniej istotnej aktualizacji: <span id=\"\u201da11y-data-aktualizacja\u201d\">2019-09-12<\/span>.<\/p>\n<h2>Status pod wzgl\u0119dem zgodno\u015bci z ustaw\u0105<\/h2>\n<p>Strona internetowa jest <span id=\"\u201d\">cz\u0119\u015bciowo zgodna<\/span> z ustaw\u0105 z dnia 4 kwietnia 2019 r. o dost\u0119pno\u015bci cyfrowej stron internetowych i aplikacji mobilnych podmiot\u00f3w publicznych z powodu niezgodno\u015bci lub wy\u0142\u0105cze\u0144 wymienionych poni\u017cej.<\/p>\n<p>Niekt\u00f3re zamieszczone informacje w postaci za\u0142\u0105cznik\u00f3w s\u0105 w postaci skan\u00f3w z uwagi na charakter informacji jaki jest niezb\u0119dny do opublikowania informacji,<\/p>\n<p>Zdj\u0119cia nie posiadaj\u0105 opis\u00f3w alternatywnych ze wzgl\u0119du na to, \u017ce na stronie jest zamieszczana bardzo du\u017ca ilo\u015b\u0107 zdj\u0119\u0107<\/p>\n<p>Odno\u015bniki otwieraj\u0105 si\u0119 w nowych oknach.<\/p>\n<h2>Data sporz\u0105dzenia Deklaracji i metoda oceny dost\u0119pno\u015bci cyfrowej<\/h2>\n<p>O\u015bwiadczenie sporz\u0105dzono dnia: <span id=\"\u201da11y-data-sporzadzenie\u201d\">2020-03-30<\/span>. Deklaracj\u0119 sporz\u0105dzono na podstawie samooceny przeprowadzonej przez podmiot publiczny.<\/p>\n<h2>Skr\u00f3ty klawiaturowe<\/h2>\n<p>Na stronie internetowej mo\u017cna korzysta\u0107 ze standardowych skr\u00f3t\u00f3w klawiaturowych.<\/p>\n<h2 id=\"\u201ea11y-kontakt\u201d\">Informacje zwrotne i dane kontaktowe<\/h2>\n<p>W przypadku problem\u00f3w z dost\u0119pno\u015bci\u0105 strony internetowej prosimy o kontakt. Osob\u0105 kontaktow\u0105 jest <span id=\"\u201da11y-osoba\u201d\">Katarzyna Teszka<\/span>, <span id=\"\u201da11y-email\u201d\"> <a href=\"przedszkole@p8.edu.gdynia.pl\"> przedszkole@p8.edu.gdynia.pl <\/a><\/span>. Kontaktowa\u0107 mo\u017cna si\u0119 tak\u017ce dzwoni\u0105c na numer telefonu <span id=\"\u201da11y-telefon\u201d\"> 586203679<\/span>. T\u0105 sam\u0105 drog\u0105 mo\u017cna sk\u0142ada\u0107 wnioski o udost\u0119pnienie informacji niedost\u0119pnej oraz sk\u0142ada\u0107 skargi na brak zapewnienia dost\u0119pno\u015bci.<\/p>\n<h2>Informacje na temat procedury<\/h2>\n<p id=\"\u201da11y-procedura\u201d\">Ka\u017cdy ma prawo do wyst\u0105pienia z \u017c\u0105daniem zapewnienia dost\u0119pno\u015bci cyfrowej strony internetowej, aplikacji mobilnej lub jakiego\u015b ich elementu. Mo\u017cna tak\u017ce za\u017c\u0105da\u0107 udost\u0119pnienia informacji za pomoc\u0105 alternatywnego sposobu dost\u0119pu, na przyk\u0142ad przez odczytanie niedost\u0119pnego cyfrowo dokumentu, opisanie zawarto\u015bci filmu bez audiodeskrypcji itp. \u017b\u0105danie powinno zawiera\u0107 dane osoby zg\u0142aszaj\u0105cej \u017c\u0105danie, wskazanie, o kt\u00f3r\u0105 stron\u0119 internetow\u0105 lub aplikacj\u0119 mobiln\u0105 chodzi oraz spos\u00f3b kontaktu. Je\u017celi osoba \u017c\u0105daj\u0105ca zg\u0142asza potrzeb\u0119 otrzymania informacji za pomoc\u0105 alternatywnego sposobu dost\u0119pu, powinna tak\u017ce okre\u015bli\u0107 dogodny dla niej spos\u00f3b przedstawienia tej informacji. Podmiot publiczny powinien zrealizowa\u0107 \u017c\u0105danie niezw\u0142ocznie, nie p\u00f3\u017aniej ni\u017c w ci\u0105gu 7 dni od dnia wyst\u0105pienia z \u017c\u0105daniem. Je\u017celi dotrzymanie tego terminu nie jest mo\u017cliwe, podmiot publiczny niezw\u0142ocznie informuje o tym wnosz\u0105cego \u017c\u0105danie, kiedy realizacja \u017c\u0105dania b\u0119dzie mo\u017cliwa, przy czym termin ten nie mo\u017ce by\u0107 d\u0142u\u017cszy ni\u017c 2 miesi\u0105ce od dnia wyst\u0105pienia z \u017c\u0105daniem. Je\u017celi zapewnienie dost\u0119pno\u015bci cyfrowej nie jest mo\u017cliwe, podmiot publiczny mo\u017ce zaproponowa\u0107 alternatywny spos\u00f3b dost\u0119pu do informacji. W przypadku, gdy podmiot publiczny odm\u00f3wi realizacji \u017c\u0105dania zapewnienia dost\u0119pno\u015bci lub alternatywnego sposobu dost\u0119pu do informacji, wnosz\u0105cy \u017c\u0105danie mo\u017cne z\u0142o\u017cy\u0107 skarg\u0119 w sprawie zapewniana dost\u0119pno\u015bci cyfrowej strony internetowej, aplikacji mobilnej lub elementu strony internetowej, lub aplikacji mobilnej. Po wyczerpaniu wskazanej wy\u017cej procedury mo\u017cna tak\u017ce z\u0142o\u017cy\u0107 wniosek do Rzecznika Praw Obywatelskich <a href=\"http:\/\/www.rpo.gov.pl\">www.rpo.gov.pl<\/a><\/p>\n<h2 id=\"\u201da11y-architektura\u201d\">Dost\u0119pno\u015b\u0107 architektoniczna<\/h2>\n<ol>\n<li style=\"list-style-type: none;\">\n<ol>\n<li>Do budynku przedszkola prowadzi g\u0142\u00f3wne wej\u015bcie znajduj\u0105ce si\u0119 od ulicy Kapita\u0144skiej, prowadz\u0105 do niego schody. Do wej\u015bcia mo\u017cna przej\u015b\u0107 z parkingu dla samochod\u00f3w osobowych, od strony ogrodu, nie ma tutaj ogranicze\u0144 w postaci schod\u00f3w. Wej\u015bcie jest og\u00f3lnodost\u0119pne w godzinach pracy przedszkola<\/li>\n<li>Osobami oddelegowanymi do udzielania informacji przy wej\u015bciu g\u0142\u00f3wnym s\u0105 pracownicy obs\u0142ugi.<\/li>\n<\/ol>\n<\/li>\n<\/ol>\n<p>Na parkingu budynku nie ma oznaczonych miejsc dla os\u00f3b niepe\u0142nosprawnych<\/p>\n<ol>\n<li>W budynku nie ma dostosowa\u0144 dla os\u00f3b niepe\u0142nosprawnych.<\/li>\n<li>Nie istnieje podjazd dla w\u00f3zk\u00f3w inwalidzkich.<\/li>\n<li>Do przedszkola mo\u017ce wej\u015b\u0107 osoba z psem asystuj\u0105cym.<\/li>\n<li>W przedszkolu nie ma mo\u017cliwo\u015bci skorzystania z t\u0142umacza j\u0119zyka migowego.<\/li>\n<li>W budynku nie ma oznacze\u0144 w alfabecie brajla ani oznacze\u0144 kontrastowych lub w druku powi\u0119kszonym dla os\u00f3b niewidomych i s\u0142abowidz\u0105cych.<\/li>\n<li>Do ko\u0144ca 2021 roku strona internetowa zostanie w pe\u0142ni dostosowana do wymaga\u0144 prawnych, do ko\u0144ca sierpnia 2020 potrwaj\u0105 prace nad konwersj\u0105 wszystkich plik\u00f3w PDF do wersji dost\u0119pnych cyfrowo<\/li>\n<\/ol>\n","protected":false},"excerpt":{"rendered":"<p>Deklaracja dost\u0119pno\u015bci Przedszkole nr 8 Pluszowy Misiaczek Gdynia zobowi\u0105zuje si\u0119 zapewni\u0107 dost\u0119pno\u015b\u0107 swojej strony internetowej zgodnie z ustaw\u0105 z dnia 4 kwietnia 2019 r. o dost\u0119pno\u015bci cyfrowej stron internetowych i aplikacji mobilnych podmiot\u00f3w publicznych. O\u015bwiadczenie w sprawie dost\u0119pno\u015bci ma zastosowanie do strony internetowej Przedszkola nr 8 \u201ePluszowy Misiaczek Gdynia. Daty publikacji i aktualizacji Data publikacji<\/p>\n","protected":false},"author":1,"featured_media":0,"parent":0,"menu_order":0,"comment_status":"closed","ping_status":"closed","template":"","meta":{"jetpack_post_was_ever_published":false,"footnotes":""},"class_list":["post-5213","page","type-page","status-publish","hentry"],"jetpack_sharing_enabled":true,"jetpack_shortlink":"https:\/\/wp.me\/P7NQjT-1m5","jetpack-related-posts":[],"_links":{"self":[{"href":"https:\/\/przedszkole8.pl\/index.php?rest_route=\/wp\/v2\/pages\/5213","targetHints":{"allow":["GET"]}}],"collection":[{"href":"https:\/\/przedszkole8.pl\/index.php?rest_route=\/wp\/v2\/pages"}],"about":[{"href":"https:\/\/przedszkole8.pl\/index.php?rest_route=\/wp\/v2\/types\/page"}],"author":[{"embeddable":true,"href":"https:\/\/przedszkole8.pl\/index.php?rest_route=\/wp\/v2\/users\/1"}],"replies":[{"embeddable":true,"href":"https:\/\/przedszkole8.pl\/index.php?rest_route=%2Fwp%2Fv2%2Fcomments&post=5213"}],"version-history":[{"count":3,"href":"https:\/\/przedszkole8.pl\/index.php?rest_route=\/wp\/v2\/pages\/5213\/revisions"}],"predecessor-version":[{"id":16261,"href":"https:\/\/przedszkole8.pl\/index.php?rest_route=\/wp\/v2\/pages\/5213\/revisions\/16261"}],"wp:attachment":[{"href":"https:\/\/przedszkole8.pl\/index.php?rest_route=%2Fwp%2Fv2%2Fmedia&parent=5213"}],"curies":[{"name":"wp","href":"https:\/\/api.w.org\/{rel}","templated":true}]}}