{"id":4210,"date":"2019-06-23T18:48:00","date_gmt":"2019-06-23T18:48:00","guid":{"rendered":"http:\/\/przedszkole8.pl\/?page_id=4210"},"modified":"2026-01-28T08:01:19","modified_gmt":"2026-01-28T08:01:19","slug":"rodo","status":"publish","type":"page","link":"https:\/\/przedszkole8.pl\/?page_id=4210","title":{"rendered":"RODO"},"content":{"rendered":"<p>Inspektor Ochrony Danych:<br \/>\npan Grzegorz Sarniak<br \/>\nmail: edu.iod@gdynia.pl<\/p>\n<p>Poni\u017cej mog\u0105 si\u0119 Pa\u0144stwo zapozna\u0107 z aktualnymi klauzulami informacyjnymi<\/p>\n<p><a href=\"https:\/\/przedszkole8.pl\/wp-content\/uploads\/2023\/09\/Klauzula-informacyjna-Przedszkola-nr-8-w-Gdyni.pdf\">klauzula-informacyjna-przedszkola-nr-8-w-gdyni<\/a><\/p>\n<p><a href=\"https:\/\/przedszkole8.pl\/wp-content\/uploads\/2023\/09\/Klauzula-informacyjna-dla-os\u00f3b-odbywaj\u0105cych-praktyki-studenckie-w-przedszkolu-nr-8-Pluszowy-Misiaczek.pdf\">klauzula-informacyjna-dla-osob-odbywajacych-praktyki-studenckie-w-przedszkolu-nr-8-pluszowy-misiaczek<\/a><\/p>\n<p><a href=\"https:\/\/przedszkole8.pl\/wp-content\/uploads\/2023\/09\/Klauzula-informacyjna-organizacja-zaj\u0119c-z-wykorzystaniem-metod-i-technik-kszta\u0142cenia-na-odleg\u0142o\u015b\u0107.pdf\">klauzula-informacyjna-organizacja-zajec-z-wykorzystaniem-metod-i-technik-ksztalcenia-na-odleglosc<\/a><\/p>\n<p><a href=\"https:\/\/przedszkole8.pl\/wp-content\/uploads\/2023\/09\/KLAUZULA-INFORMACYJNA-Zam\u00f3wienia-Publiczne.pdf\">klauzula-informacyjna-zamowienia-publiczne<\/a><\/p>\n<p><a href=\"https:\/\/przedszkole8.pl\/wp-content\/uploads\/2023\/09\/POLITYKA-PRYWATNO\u015aCI-I-WYKORZYSTANIA-PLIK\u00d3W-COOKIES-W-SERWISIE-PRZEDSZKOLE-NR-8.pdf\">polityka-prywatnosci-i-wykorzystania-plikow-cookies-w-serwisie-przedszkole-nr-8<\/a><\/p>\n","protected":false},"excerpt":{"rendered":"<p>Inspektor Ochrony Danych: pan Grzegorz Sarniak mail: edu.iod@gdynia.pl Poni\u017cej mog\u0105 si\u0119 Pa\u0144stwo zapozna\u0107 z aktualnymi klauzulami informacyjnymi klauzula-informacyjna-przedszkola-nr-8-w-gdyni klauzula-informacyjna-dla-osob-odbywajacych-praktyki-studenckie-w-przedszkolu-nr-8-pluszowy-misiaczek klauzula-informacyjna-organizacja-zajec-z-wykorzystaniem-metod-i-technik-ksztalcenia-na-odleglosc klauzula-informacyjna-zamowienia-publiczne polityka-prywatnosci-i-wykorzystania-plikow-cookies-w-serwisie-przedszkole-nr-8<\/p>\n","protected":false},"author":1,"featured_media":0,"parent":0,"menu_order":0,"comment_status":"closed","ping_status":"closed","template":"","meta":{"jetpack_post_was_ever_published":false,"footnotes":""},"class_list":["post-4210","page","type-page","status-publish","hentry"],"jetpack_sharing_enabled":true,"jetpack_shortlink":"https:\/\/wp.me\/P7NQjT-15U","jetpack-related-posts":[],"_links":{"self":[{"href":"https:\/\/przedszkole8.pl\/index.php?rest_route=\/wp\/v2\/pages\/4210","targetHints":{"allow":["GET"]}}],"collection":[{"href":"https:\/\/przedszkole8.pl\/index.php?rest_route=\/wp\/v2\/pages"}],"about":[{"href":"https:\/\/przedszkole8.pl\/index.php?rest_route=\/wp\/v2\/types\/page"}],"author":[{"embeddable":true,"href":"https:\/\/przedszkole8.pl\/index.php?rest_route=\/wp\/v2\/users\/1"}],"replies":[{"embeddable":true,"href":"https:\/\/przedszkole8.pl\/index.php?rest_route=%2Fwp%2Fv2%2Fcomments&post=4210"}],"version-history":[{"count":9,"href":"https:\/\/przedszkole8.pl\/index.php?rest_route=\/wp\/v2\/pages\/4210\/revisions"}],"predecessor-version":[{"id":16259,"href":"https:\/\/przedszkole8.pl\/index.php?rest_route=\/wp\/v2\/pages\/4210\/revisions\/16259"}],"wp:attachment":[{"href":"https:\/\/przedszkole8.pl\/index.php?rest_route=%2Fwp%2Fv2%2Fmedia&parent=4210"}],"curies":[{"name":"wp","href":"https:\/\/api.w.org\/{rel}","templated":true}]}}