{"id":156,"date":"2016-08-02T12:59:43","date_gmt":"2016-08-02T12:59:43","guid":{"rendered":"http:\/\/osemka1234.nazwa.pl\/instalator\/wordpress\/?page_id=156"},"modified":"2025-09-18T06:26:52","modified_gmt":"2025-09-18T06:26:52","slug":"personel","status":"publish","type":"page","link":"https:\/\/przedszkole8.pl\/?page_id=156","title":{"rendered":"Personel"},"content":{"rendered":"<h4><strong>Dyrektor \u2013 Katarzyna Teszka<\/strong><\/h4>\n<h4><strong>Wicedyrektor \u2013 Agnieszka Wrona<\/strong><\/h4>\n<h3>Administracja &#8211; Lucyna Pr\u0105dzi\u0144ska &#8211; intendentka<\/h3>\n<h3>Nauczyciele wychowania przedszkolnego:<\/h3>\n<ul>\n<li style=\"list-style-type: none;\">\n<ul>\n<li>Katarzyna Bieschke<\/li>\n<li>Ma\u0142gorzata D\u0142u\u017cniewska<\/li>\n<li>Marta Dudzi\u0144ska<\/li>\n<li>Barbara Kupiec<\/li>\n<li>Katarzyna Miarczy\u0144ska<\/li>\n<li>Natalia Pepli\u0144ska<\/li>\n<li>Agnieszka Urbaniak<\/li>\n<\/ul>\n<\/li>\n<\/ul>\n<h3>Specjali\u015bci:<\/h3>\n<ul>\n<li>Danuta Lewandowska &#8211; logopeda<\/li>\n<li>Justyna Krzemianowska &#8211; psycholog<\/li>\n<\/ul>\n<h3>Pomoc nauczyciela:<\/h3>\n<ul>\n<li>Lidia Kreft<\/li>\n<\/ul>\n<h3>Pracownicy kuchni:<\/h3>\n<ul>\n<li>Lena Lejmanowicz \u2013 kucharka<\/li>\n<li>Ma\u0142gorzata Rzemi\u0144ska \u2013 pomoc kucharki<\/li>\n<li>Karolina Greczuk \u2013 pomoc kucharki<\/li>\n<\/ul>\n<h3>Pozostali pracownicy:<\/h3>\n<ul>\n<li>Wioletta Klein<\/li>\n<li>Katarzyna Sza\u0142aj<\/li>\n<li>Anna Andrzejczak<\/li>\n<li>Aleksandra Osma\u0144ska<\/li>\n<li>Wojciech Heinowski<\/li>\n<\/ul>\n","protected":false},"excerpt":{"rendered":"<p>Dyrektor \u2013 Katarzyna Teszka Wicedyrektor \u2013 Agnieszka Wrona Administracja &#8211; Lucyna Pr\u0105dzi\u0144ska &#8211; intendentka Nauczyciele wychowania przedszkolnego: Katarzyna Bieschke Ma\u0142gorzata D\u0142u\u017cniewska Marta Dudzi\u0144ska Barbara Kupiec Katarzyna Miarczy\u0144ska Natalia Pepli\u0144ska Agnieszka Urbaniak Specjali\u015bci: Danuta Lewandowska &#8211; logopeda Justyna Krzemianowska &#8211; psycholog Pomoc nauczyciela: Lidia Kreft Pracownicy kuchni: Lena Lejmanowicz \u2013 kucharka Ma\u0142gorzata Rzemi\u0144ska \u2013 pomoc kucharki<\/p>\n","protected":false},"author":1,"featured_media":0,"parent":0,"menu_order":0,"comment_status":"closed","ping_status":"closed","template":"","meta":{"jetpack_post_was_ever_published":false,"footnotes":""},"class_list":["post-156","page","type-page","status-publish","hentry"],"jetpack_sharing_enabled":true,"jetpack_shortlink":"https:\/\/wp.me\/P7NQjT-2w","jetpack-related-posts":[],"_links":{"self":[{"href":"https:\/\/przedszkole8.pl\/index.php?rest_route=\/wp\/v2\/pages\/156","targetHints":{"allow":["GET"]}}],"collection":[{"href":"https:\/\/przedszkole8.pl\/index.php?rest_route=\/wp\/v2\/pages"}],"about":[{"href":"https:\/\/przedszkole8.pl\/index.php?rest_route=\/wp\/v2\/types\/page"}],"author":[{"embeddable":true,"href":"https:\/\/przedszkole8.pl\/index.php?rest_route=\/wp\/v2\/users\/1"}],"replies":[{"embeddable":true,"href":"https:\/\/przedszkole8.pl\/index.php?rest_route=%2Fwp%2Fv2%2Fcomments&post=156"}],"version-history":[{"count":22,"href":"https:\/\/przedszkole8.pl\/index.php?rest_route=\/wp\/v2\/pages\/156\/revisions"}],"predecessor-version":[{"id":15794,"href":"https:\/\/przedszkole8.pl\/index.php?rest_route=\/wp\/v2\/pages\/156\/revisions\/15794"}],"wp:attachment":[{"href":"https:\/\/przedszkole8.pl\/index.php?rest_route=%2Fwp%2Fv2%2Fmedia&parent=156"}],"curies":[{"name":"wp","href":"https:\/\/api.w.org\/{rel}","templated":true}]}}