{"id":14214,"date":"2024-02-29T07:57:19","date_gmt":"2024-02-29T07:57:19","guid":{"rendered":"http:\/\/przedszkole8.pl\/?page_id=14214"},"modified":"2025-09-18T06:33:31","modified_gmt":"2025-09-18T06:33:31","slug":"specjalisci","status":"publish","type":"page","link":"https:\/\/przedszkole8.pl\/?page_id=14214","title":{"rendered":"Specjali\u015bci"},"content":{"rendered":"<p>Nasze przedszkole obecnie zatrudnia trzech specjalist\u00f3w:<\/p>\n<p><strong>PSYCHOLOG &#8211; Justyna Krzemianowska<\/strong><br \/>\npsycholog@p8.edu.gdynia.pl<\/p>\n<p>WTOREK 08:30 &#8211; 14:00<\/p>\n<p>\u015aRODA 08:30 &#8211; 14:00<\/p>\n<p><a href=\"https:\/\/przedszkole8.pl\/wp-content\/uploads\/2024\/03\/definicja-granicy.pdf\">definicja-granicy<\/a><\/p>\n<p><strong>LOGOPEDA &#8211; Danuta Lewandowska<\/strong><br \/>\nlogopeda@p8.edu.gdynia.pl<\/p>\n<p>PONIEDZIA\u0141EK: 09:00 &#8211; 16:00<br \/>\nCZWARTEK: 09:00 &#8211; 15:00<\/p>\n<p><strong>TERAPEUTA PEDAGOGICZNY &#8211; Agnieszka Wrona<\/strong><br \/>\nwicedyrektor@p8.edu.gdynia.pl<\/p>\n","protected":false},"excerpt":{"rendered":"<p>Nasze przedszkole obecnie zatrudnia trzech specjalist\u00f3w: PSYCHOLOG &#8211; Justyna Krzemianowska psycholog@p8.edu.gdynia.pl WTOREK 08:30 &#8211; 14:00 \u015aRODA 08:30 &#8211; 14:00 definicja-granicy LOGOPEDA &#8211; Danuta Lewandowska logopeda@p8.edu.gdynia.pl PONIEDZIA\u0141EK: 09:00 &#8211; 16:00 CZWARTEK: 09:00 &#8211; 15:00 TERAPEUTA PEDAGOGICZNY &#8211; Agnieszka Wrona wicedyrektor@p8.edu.gdynia.pl<\/p>\n","protected":false},"author":1,"featured_media":0,"parent":0,"menu_order":0,"comment_status":"closed","ping_status":"closed","template":"","meta":{"jetpack_post_was_ever_published":false,"footnotes":""},"class_list":["post-14214","page","type-page","status-publish","hentry"],"jetpack_sharing_enabled":true,"jetpack_shortlink":"https:\/\/wp.me\/P7NQjT-3Hg","jetpack-related-posts":[],"_links":{"self":[{"href":"https:\/\/przedszkole8.pl\/index.php?rest_route=\/wp\/v2\/pages\/14214","targetHints":{"allow":["GET"]}}],"collection":[{"href":"https:\/\/przedszkole8.pl\/index.php?rest_route=\/wp\/v2\/pages"}],"about":[{"href":"https:\/\/przedszkole8.pl\/index.php?rest_route=\/wp\/v2\/types\/page"}],"author":[{"embeddable":true,"href":"https:\/\/przedszkole8.pl\/index.php?rest_route=\/wp\/v2\/users\/1"}],"replies":[{"embeddable":true,"href":"https:\/\/przedszkole8.pl\/index.php?rest_route=%2Fwp%2Fv2%2Fcomments&post=14214"}],"version-history":[{"count":7,"href":"https:\/\/przedszkole8.pl\/index.php?rest_route=\/wp\/v2\/pages\/14214\/revisions"}],"predecessor-version":[{"id":15800,"href":"https:\/\/przedszkole8.pl\/index.php?rest_route=\/wp\/v2\/pages\/14214\/revisions\/15800"}],"wp:attachment":[{"href":"https:\/\/przedszkole8.pl\/index.php?rest_route=%2Fwp%2Fv2%2Fmedia&parent=14214"}],"curies":[{"name":"wp","href":"https:\/\/api.w.org\/{rel}","templated":true}]}}