{"id":134,"date":"2016-07-06T11:22:07","date_gmt":"2016-07-06T11:22:07","guid":{"rendered":"http:\/\/osemka1234.nazwa.pl\/instalator\/wordpress\/?page_id=134"},"modified":"2022-10-03T11:13:09","modified_gmt":"2022-10-03T11:13:09","slug":"o-nas","status":"publish","type":"page","link":"https:\/\/przedszkole8.pl\/?page_id=134","title":{"rendered":"O Nas"},"content":{"rendered":"<h2 style=\"text-align: justify;\"><i class=\"fa fa-history\"><\/i> TROCH\u0118 HISTORII<\/h2>\n<p style=\"text-align: justify;\">W roku 1957 w du\u017cym , zielonym ogrodzie , w pobli\u017cu lasu stan\u0105\u0142 budynek. By\u0142o to Przedszkole PKP nr 1 , a pierwszym jego dyrektorem zosta\u0142a pani Danuta Badzi\u0105g. Do przedszkola ucz\u0119szcza\u0142y dzieci pracownik\u00f3w kolei . Lata mija\u0142y , kolejne roczniki dzieci zdobywa\u0142y szlify przedszkolaka a nauczycielki do\u015bwiadczenie.<br \/>\nW roku 1969 nast\u0105pi\u0142a zmiana dyrektora \u2013 zosta\u0142a nim pani Leokadia Tomczak. Dalej byli\u015bmy Przedszkole Kolejowym, cho\u0107 ucz\u0119szcza\u0142y do niego dzieci nie tylko pracownik\u00f3w kolei , ale tak\u017ce innych mieszka\u0144c\u00f3w Gdyni. W miar\u0119 up\u0142ywu czasu przedszkole zmienia\u0142o si\u0119 , zmienia\u0142 si\u0119 personel , dzieci dorasta\u0142y , rozwija\u0142y si\u0119 , a budynek wci\u0105\u017c by\u0142 ten sam , w tym samym miejscu.<br \/>\nW roku 1982 nast\u0105pi\u0142a kolejna zmian dyrektora \u2013 zosta\u0142a nim nauczycielka tego przedszkola , pani Ewa Serwach. Pod jej kierownictwem po dziesi\u0119ciu latach w roku 1992 stali\u015bmy si\u0119 Przedszkolem Samorz\u0105dowym nr 8 .<br \/>\nW 1994 roku dyrektorem zosta\u0142a wychowanka tego przeszkol\u0105 , nast\u0119pnie nauczycielka , pani Violetta Ilnicka . W maju 2007 r przedszkole zmieni\u0142o nazw\u0119 na Przedszkole nr8 \u201ePluszowy Misiaczek\u201d. Od roku 2013 z przedszkola 3 oddzia\u0142owego z liczb\u0105 dzieci 75 zmienili\u015bmy si\u0119 na przedszkole 5 oddzia\u0142owe z 120 wychowankami.<\/p>\n<h2 style=\"text-align: justify;\"><i class=\"fa fa-arrow-down\"><\/i> OBECNIE:<\/h2>\n<p style=\"text-align: justify;\">Przedszkole liczy 5 oddzia\u0142\u00f3w:<\/p>\n<p style=\"text-align: justify;\">I oddzia\u0142 PUCHATKI \u2013 dzieci 3-letnie<br \/>\nII oddzia\u0142 USZATKI \u2013 dzieci 4 -letnie<br \/>\nIII oddzia\u0142 MISIE \u2013 dzieci 4 i 5 -letnie<br \/>\nIV oddzia\u0142 GUMISIE \u2013 dzieci 5 &#8211; letnie<br \/>\nV oddzia\u0142 NIED\u0179WIADKI &#8211; dzieci 6 &#8211; letnie<\/p>\n<p style=\"text-align: justify;\">Razem <strong>118 dzieci<\/strong> ,<strong> 26 pracownik\u00f3w<\/strong> w tym:<\/p>\n<p style=\"text-align: justify;\">11 nauczycieli wychowania przedszkolnego<br \/>\n1 nauczyciel logopedii<br \/>\n1 pedagog specjalny<br \/>\n2 pomoce nauczycieli,<br \/>\n1 pracownik administracji<br \/>\n3 pracownik\u00f3w kuchni<br \/>\n4 wo\u017ane<br \/>\n1 pracownik do prac konserwatorskich<\/p>\n<h2><i class=\"fa fa-leaf\"><\/i> NASZE OTOCZENIE<\/h2>\n<p>Przedszkole jest budynkiem z 1957 roku . Przez lata by\u0142o nie remontowane i modernizowane , ale przyszed\u0142 czas ,\u017ce i my dostali\u015bmy \u015brodki finansowe i rozpocz\u0119\u0142y si\u0119 prace remontowe w naszym przedszkolu.<br \/>\n<strong>2015r.<\/strong><br \/>\nZako\u0144czono monta\u017c instalacji oddymiaj\u0105cej w naszym budynku i zamontowano drzwi przeciw po\u017carowe zwi\u0119kszaj\u0105c nasze bezpiecze\u0144stwo w przedszkolu<br \/>\n<strong>2013 r.<\/strong><br \/>\nWykonano adaptacj\u0119 dawnego mieszkania na sal\u0119 przedszkoln\u0105 dla dzieci 3 -letnich ze \u015brodk\u00f3w Unii europejskiej ,<br \/>\nRozpocz\u0119to I etap montowania instalacji oddymiaj\u0105cej p.poz.<br \/>\n<strong>2010 r<\/strong><br \/>\nPowsta\u0142a nowa grupa dzieci\u0119ca ( IV) \u2013 zaadaptowali\u015bmy sal\u0119 rekreacyjn\u0105 na jej potrzeby<br \/>\nLatem odmalowali\u015bmy sale na pi\u0119trze<br \/>\nWe wrze\u015bniu odnowili\u015bmy dach,<br \/>\nW listopadzie odmalowali\u015bmy sal\u0119 gr I i szatni\u0119 z przedsionkiem<br \/>\n<strong>2007 r<\/strong><br \/>\nLatem wyremontowali\u015bmy kuchni\u0119 i ca\u0142y blok \u017cywieniowy<br \/>\n2006 r<br \/>\nZmienili\u015bmy wyk\u0142adzin\u0119 w szatni na tarket,<br \/>\nZakupili\u015bmy nowe ,meble do szatni i sal przedszkolnych<br \/>\nNasz ogr\u00f3d<br \/>\nMimo, \u017ce ci\u0105gle podejmujemy dzia\u0142ania , aby ogr\u00f3d zmieni\u0142 sw\u00f3j wygl\u0105d , to niestety ci\u0105gle nie osi\u0105gamy zadawalaj\u0105cego poziomu. Poszukiwanie sponsor\u00f3w na remont ogrodu nie przynios\u0142y efekt\u00f3w. Udzia\u0142 w bud\u017cecie obywatelskim dzi\u0119ki mamie Karola te\u017c niestety nam nie przyni\u00f3s\u0142 \u015brodk\u00f3w finansowych. Troch\u0119 nam si\u0119 uda\u0142o, dostali\u015bmy pieni\u0105dze z Urz\u0119du Miasta.<br \/>\n<strong>2015 r<\/strong><br \/>\nDokonali\u015bmy wymiany pod\u0142o\u017ca pod urz\u0105dzenia rekreacyjne ( 200m2) , wyremontowali\u015bmy sprz\u0119t i zamontowali\u015bmy now\u0105 hu\u015btawk\u0119 ( paj\u0105k).<br \/>\n<strong>2016 r<\/strong><br \/>\nStaramy si\u0119 wymieni\u0107 pod\u0142o\u017ce na kolejnych 100m2 ,<br \/>\nuczestniczymy w bud\u017cecie obywatelskim,<br \/>\nRodzice(tata Radka) staraj\u0105 si\u0119 o kolejne pieni\u0105dze z Urz\u0119du Miasta<br \/>\nZakupiono hu\u015btawk\u0119 i \u0142awk\u0119 ze \u015brodk\u00f3w Rady Dzielnicy<\/p>\n","protected":false},"excerpt":{"rendered":"<p>TROCH\u0118 HISTORII W roku 1957 w du\u017cym , zielonym ogrodzie , w pobli\u017cu lasu stan\u0105\u0142 budynek. By\u0142o to Przedszkole PKP nr 1 , a pierwszym jego dyrektorem zosta\u0142a pani Danuta Badzi\u0105g. Do przedszkola ucz\u0119szcza\u0142y dzieci pracownik\u00f3w kolei . Lata mija\u0142y , kolejne roczniki dzieci zdobywa\u0142y szlify przedszkolaka a nauczycielki do\u015bwiadczenie. W roku 1969 nast\u0105pi\u0142a zmiana<\/p>\n","protected":false},"author":1,"featured_media":0,"parent":0,"menu_order":0,"comment_status":"closed","ping_status":"closed","template":"fullwidth.php","meta":{"jetpack_post_was_ever_published":false,"footnotes":""},"class_list":["post-134","page","type-page","status-publish","hentry"],"jetpack_sharing_enabled":true,"jetpack_shortlink":"https:\/\/wp.me\/P7NQjT-2a","jetpack-related-posts":[],"_links":{"self":[{"href":"https:\/\/przedszkole8.pl\/index.php?rest_route=\/wp\/v2\/pages\/134","targetHints":{"allow":["GET"]}}],"collection":[{"href":"https:\/\/przedszkole8.pl\/index.php?rest_route=\/wp\/v2\/pages"}],"about":[{"href":"https:\/\/przedszkole8.pl\/index.php?rest_route=\/wp\/v2\/types\/page"}],"author":[{"embeddable":true,"href":"https:\/\/przedszkole8.pl\/index.php?rest_route=\/wp\/v2\/users\/1"}],"replies":[{"embeddable":true,"href":"https:\/\/przedszkole8.pl\/index.php?rest_route=%2Fwp%2Fv2%2Fcomments&post=134"}],"version-history":[{"count":13,"href":"https:\/\/przedszkole8.pl\/index.php?rest_route=\/wp\/v2\/pages\/134\/revisions"}],"predecessor-version":[{"id":10668,"href":"https:\/\/przedszkole8.pl\/index.php?rest_route=\/wp\/v2\/pages\/134\/revisions\/10668"}],"wp:attachment":[{"href":"https:\/\/przedszkole8.pl\/index.php?rest_route=%2Fwp%2Fv2%2Fmedia&parent=134"}],"curies":[{"name":"wp","href":"https:\/\/api.w.org\/{rel}","templated":true}]}}