{"id":12913,"date":"2023-09-12T12:21:58","date_gmt":"2023-09-12T12:21:58","guid":{"rendered":"http:\/\/przedszkole8.pl\/?page_id=12913"},"modified":"2025-07-28T09:25:00","modified_gmt":"2025-07-28T09:25:00","slug":"dokumenty-do-pobrania","status":"publish","type":"page","link":"https:\/\/przedszkole8.pl\/?page_id=12913","title":{"rendered":"Dokumenty do pobrania"},"content":{"rendered":"<p>Poni\u017cej znajduj\u0105 si\u0119 wzory dokument\u00f3w, kt\u00f3re w razie potrzeby mog\u0105 Pa\u0144stwo pobra\u0107 ze strony, uzupe\u0142ni\u0107 i przynie\u015b\u0107 do przedszkola:<\/p>\n\n\n<div data-wp-interactive=\"core\/file\" class=\"wp-block-file\"><object data-wp-bind--hidden=\"!state.hasPdfPreview\" hidden class=\"wp-block-file__embed\" data=\"https:\/\/przedszkole8.pl\/wp-content\/uploads\/2025\/07\/Cofniecie-upowaznienia-do-odbioru.pdf\" type=\"application\/pdf\" style=\"width:100%;height:600px\" aria-label=\"Osadzone z Cofniecie upowaznienia do odbioru.\"><\/object><a id=\"wp-block-file--media-e8b75db4-71cd-4e94-8497-09200acb12ea\" href=\"https:\/\/przedszkole8.pl\/wp-content\/uploads\/2025\/07\/Cofniecie-upowaznienia-do-odbioru.pdf\">Cofniecie upowaznienia do odbioru<\/a><a href=\"https:\/\/przedszkole8.pl\/wp-content\/uploads\/2025\/07\/Cofniecie-upowaznienia-do-odbioru.pdf\" class=\"wp-block-file__button wp-element-button\" download aria-describedby=\"wp-block-file--media-e8b75db4-71cd-4e94-8497-09200acb12ea\">Pobierz<\/a><\/div>\n\n\n\n<div data-wp-interactive=\"core\/file\" class=\"wp-block-file\"><object data-wp-bind--hidden=\"!state.hasPdfPreview\" hidden class=\"wp-block-file__embed\" data=\"https:\/\/przedszkole8.pl\/wp-content\/uploads\/2025\/07\/dane-istotne-o-dziecku-art.-155-ustawy-prawo-oswiatowe-.pdf\" type=\"application\/pdf\" style=\"width:100%;height:600px\" aria-label=\"Osadzone z dane-istotne-o-dziecku-art.-155-ustawy-prawo-oswiatowe -.\"><\/object><a id=\"wp-block-file--media-6acbefec-093c-444f-b41d-43c3a18c242c\" href=\"https:\/\/przedszkole8.pl\/wp-content\/uploads\/2025\/07\/dane-istotne-o-dziecku-art.-155-ustawy-prawo-oswiatowe-.pdf\">dane-istotne-o-dziecku-art.-155-ustawy-prawo-oswiatowe &#8211;<\/a><a href=\"https:\/\/przedszkole8.pl\/wp-content\/uploads\/2025\/07\/dane-istotne-o-dziecku-art.-155-ustawy-prawo-oswiatowe-.pdf\" class=\"wp-block-file__button wp-element-button\" download aria-describedby=\"wp-block-file--media-6acbefec-093c-444f-b41d-43c3a18c242c\">Pobierz<\/a><\/div>\n\n\n\n<div data-wp-interactive=\"core\/file\" class=\"wp-block-file\"><object data-wp-bind--hidden=\"!state.hasPdfPreview\" hidden class=\"wp-block-file__embed\" data=\"https:\/\/przedszkole8.pl\/wp-content\/uploads\/2025\/07\/Klauzula-informacyjna-Przedszkola-nr-8-w-Gdyni.pdf\" type=\"application\/pdf\" style=\"width:100%;height:600px\" aria-label=\"Osadzone z Klauzula informacyjna Przedszkola nr 8 w Gdyni.\"><\/object><a id=\"wp-block-file--media-f47c4f3c-d76a-4494-a83c-75f763216bc7\" href=\"https:\/\/przedszkole8.pl\/wp-content\/uploads\/2025\/07\/Klauzula-informacyjna-Przedszkola-nr-8-w-Gdyni.pdf\">Klauzula informacyjna Przedszkola nr 8 w Gdyni<\/a><a href=\"https:\/\/przedszkole8.pl\/wp-content\/uploads\/2025\/07\/Klauzula-informacyjna-Przedszkola-nr-8-w-Gdyni.pdf\" class=\"wp-block-file__button wp-element-button\" download aria-describedby=\"wp-block-file--media-f47c4f3c-d76a-4494-a83c-75f763216bc7\">Pobierz<\/a><\/div>\n\n\n\n<div data-wp-interactive=\"core\/file\" class=\"wp-block-file\"><object data-wp-bind--hidden=\"!state.hasPdfPreview\" hidden class=\"wp-block-file__embed\" data=\"https:\/\/przedszkole8.pl\/wp-content\/uploads\/2025\/07\/Upowaznienie-do-odbioru-dzieci-uniwersalne-dla-osoby-niepelnoletniej.pdf\" type=\"application\/pdf\" style=\"width:100%;height:600px\" aria-label=\"Osadzone z Upowa\u017cnienie do odbioru dzieci - uniwersalne dla osoby niepe\u0142noletniej.\"><\/object><a id=\"wp-block-file--media-328c995b-62f3-4631-9d1a-cb05c2e395c5\" href=\"https:\/\/przedszkole8.pl\/wp-content\/uploads\/2025\/07\/Upowaznienie-do-odbioru-dzieci-uniwersalne-dla-osoby-niepelnoletniej.pdf\">Upowa\u017cnienie do odbioru dzieci &#8211; uniwersalne dla osoby niepe\u0142noletniej<\/a><a href=\"https:\/\/przedszkole8.pl\/wp-content\/uploads\/2025\/07\/Upowaznienie-do-odbioru-dzieci-uniwersalne-dla-osoby-niepelnoletniej.pdf\" class=\"wp-block-file__button wp-element-button\" download aria-describedby=\"wp-block-file--media-328c995b-62f3-4631-9d1a-cb05c2e395c5\">Pobierz<\/a><\/div>\n\n\n\n<div data-wp-interactive=\"core\/file\" class=\"wp-block-file\"><object data-wp-bind--hidden=\"!state.hasPdfPreview\" hidden class=\"wp-block-file__embed\" data=\"https:\/\/przedszkole8.pl\/wp-content\/uploads\/2025\/07\/Upowaznienie-do-odbioru-dziecka-osoba-pelnoletnia.pdf\" type=\"application\/pdf\" style=\"width:100%;height:600px\" aria-label=\"Osadzone z Upowa\u017cnienie do odbioru dziecka-osoba pe\u0142noletnia.\"><\/object><a id=\"wp-block-file--media-41d74e18-3475-4656-b5b5-9ba25e1aab8b\" href=\"https:\/\/przedszkole8.pl\/wp-content\/uploads\/2025\/07\/Upowaznienie-do-odbioru-dziecka-osoba-pelnoletnia.pdf\">Upowa\u017cnienie do odbioru dziecka-osoba pe\u0142noletnia<\/a><a href=\"https:\/\/przedszkole8.pl\/wp-content\/uploads\/2025\/07\/Upowaznienie-do-odbioru-dziecka-osoba-pelnoletnia.pdf\" class=\"wp-block-file__button wp-element-button\" download aria-describedby=\"wp-block-file--media-41d74e18-3475-4656-b5b5-9ba25e1aab8b\">Pobierz<\/a><\/div>\n\n\n\n<div data-wp-interactive=\"core\/file\" class=\"wp-block-file\"><object data-wp-bind--hidden=\"!state.hasPdfPreview\" hidden class=\"wp-block-file__embed\" data=\"https:\/\/przedszkole8.pl\/wp-content\/uploads\/2025\/07\/Wniosek-o-przjecie-do-przedszkola-2025.pdf\" type=\"application\/pdf\" style=\"width:100%;height:600px\" aria-label=\"Osadzone z Wniosek o przyj\u0119cie do przedszkola 2025.\"><\/object><a id=\"wp-block-file--media-dd7f50d8-6664-4872-b697-bf4c312cc471\" href=\"https:\/\/przedszkole8.pl\/wp-content\/uploads\/2025\/07\/Wniosek-o-przjecie-do-przedszkola-2025.pdf\">Wniosek o przyj\u0119cie do przedszkola 2025<\/a><a href=\"https:\/\/przedszkole8.pl\/wp-content\/uploads\/2025\/07\/Wniosek-o-przjecie-do-przedszkola-2025.pdf\" class=\"wp-block-file__button wp-element-button\" download aria-describedby=\"wp-block-file--media-dd7f50d8-6664-4872-b697-bf4c312cc471\">Pobierz<\/a><\/div>\n\n\n\n<div data-wp-interactive=\"core\/file\" class=\"wp-block-file\"><object data-wp-bind--hidden=\"!state.hasPdfPreview\" hidden class=\"wp-block-file__embed\" data=\"https:\/\/przedszkole8.pl\/wp-content\/uploads\/2025\/07\/Wycofanie-zgody-RODO.pdf\" type=\"application\/pdf\" style=\"width:100%;height:600px\" aria-label=\"Osadzone z Wycofanie zgody RODO.\"><\/object><a id=\"wp-block-file--media-0685f712-2fac-4a58-938a-0fac7195efd3\" href=\"https:\/\/przedszkole8.pl\/wp-content\/uploads\/2025\/07\/Wycofanie-zgody-RODO.pdf\">Wycofanie zgody RODO<\/a><a href=\"https:\/\/przedszkole8.pl\/wp-content\/uploads\/2025\/07\/Wycofanie-zgody-RODO.pdf\" class=\"wp-block-file__button wp-element-button\" download aria-describedby=\"wp-block-file--media-0685f712-2fac-4a58-938a-0fac7195efd3\">Pobierz<\/a><\/div>\n\n\n\n<div data-wp-interactive=\"core\/file\" class=\"wp-block-file\"><object data-wp-bind--hidden=\"!state.hasPdfPreview\" hidden class=\"wp-block-file__embed\" data=\"https:\/\/przedszkole8.pl\/wp-content\/uploads\/2025\/07\/Zgoda-wizerunek-08.2024.pdf\" type=\"application\/pdf\" style=\"width:100%;height:600px\" aria-label=\"Osadzone z Zgoda wizerunek 08.2024.\"><\/object><a id=\"wp-block-file--media-56ffe3ef-a0d1-449b-94f5-3f92e0a702e0\" href=\"https:\/\/przedszkole8.pl\/wp-content\/uploads\/2025\/07\/Zgoda-wizerunek-08.2024.pdf\">Zgoda wizerunek 08.2024<\/a><a href=\"https:\/\/przedszkole8.pl\/wp-content\/uploads\/2025\/07\/Zgoda-wizerunek-08.2024.pdf\" class=\"wp-block-file__button wp-element-button\" download aria-describedby=\"wp-block-file--media-56ffe3ef-a0d1-449b-94f5-3f92e0a702e0\">Pobierz<\/a><\/div>\n","protected":false},"excerpt":{"rendered":"<p>Poni\u017cej znajduj\u0105 si\u0119 wzory dokument\u00f3w, kt\u00f3re w razie potrzeby mog\u0105 Pa\u0144stwo pobra\u0107 ze strony, uzupe\u0142ni\u0107 i przynie\u015b\u0107 do przedszkola:<\/p>\n","protected":false},"author":1,"featured_media":0,"parent":0,"menu_order":0,"comment_status":"closed","ping_status":"closed","template":"","meta":{"jetpack_post_was_ever_published":false,"footnotes":""},"class_list":["post-12913","page","type-page","status-publish","hentry"],"jetpack_sharing_enabled":true,"jetpack_shortlink":"https:\/\/wp.me\/P7NQjT-3mh","jetpack-related-posts":[],"_links":{"self":[{"href":"https:\/\/przedszkole8.pl\/index.php?rest_route=\/wp\/v2\/pages\/12913","targetHints":{"allow":["GET"]}}],"collection":[{"href":"https:\/\/przedszkole8.pl\/index.php?rest_route=\/wp\/v2\/pages"}],"about":[{"href":"https:\/\/przedszkole8.pl\/index.php?rest_route=\/wp\/v2\/types\/page"}],"author":[{"embeddable":true,"href":"https:\/\/przedszkole8.pl\/index.php?rest_route=\/wp\/v2\/users\/1"}],"replies":[{"embeddable":true,"href":"https:\/\/przedszkole8.pl\/index.php?rest_route=%2Fwp%2Fv2%2Fcomments&post=12913"}],"version-history":[{"count":8,"href":"https:\/\/przedszkole8.pl\/index.php?rest_route=\/wp\/v2\/pages\/12913\/revisions"}],"predecessor-version":[{"id":15780,"href":"https:\/\/przedszkole8.pl\/index.php?rest_route=\/wp\/v2\/pages\/12913\/revisions\/15780"}],"wp:attachment":[{"href":"https:\/\/przedszkole8.pl\/index.php?rest_route=%2Fwp%2Fv2%2Fmedia&parent=12913"}],"curies":[{"name":"wp","href":"https:\/\/api.w.org\/{rel}","templated":true}]}}